{"id":983,"date":"2021-04-18T04:28:06","date_gmt":"2021-04-18T04:28:06","guid":{"rendered":"http:\/\/localhost\/wordpress\/index.php\/contact-2\/"},"modified":"2022-02-01T16:54:21","modified_gmt":"2022-02-01T16:54:21","slug":"contact-2","status":"publish","type":"page","link":"https:\/\/benihogar.com\/index.php\/contact-2\/","title":{"rendered":"Contact"},"content":{"rendered":"\n<h1>\n\t\tContacto\n\t<\/h1>\n\t<p>Nuestra informaci\u00f3n de contacto.<\/p>\n\t<h6>\n\t\t\t\t\tUbicaci\u00f3n\n\t\t\t\t<\/h6>\n\t<h4>\n\t\t\t\t\tPol. Ind. los Valeros, C. Rio Vinalopo, 14, 15, 03178 Benij\u00f3far, Alicante\n\t\t\t\t<\/h4>\n\t<h6>\n\t\t\t\t\tTel\u00e9fono\n\t\t\t\t<\/h6>\n\t<h4>\n\t\t\t\t\t965724055\n\t\t\t\t<\/h4>\n\t<h6>\n\t\t\t\t\tEmail\n\t\t\t\t<\/h6>\n\t<h4>\n\t\t\t\t\tcomercialbenihogar@hotmail.com\n\t\t\t\t<\/h4>\n\t<p><iframe src=\"https:\/\/www.google.com\/maps\/embed?pb=!1m18!1m12!1m3!1d3140.637242181714!2d-0.7563258846735783!3d38.078828479705166!2m3!1f0!2f0!3f0!3m2!1i1024!2i768!4f13.1!3m3!1m2!1s0xd63a5f5812710bf%3A0x3d5dfddbe77cfa67!2sBenihogar!5e0!3m2!1ses!2ses!4v1643731970738!5m2!1ses!2ses\" width=\"600\" height=\"450\" allowfullscreen=\"\" loading=\"lazy\"><\/iframe><\/p>\n\n","protected":false},"excerpt":{"rendered":"<p>Contacto Nuestra informaci\u00f3n de contacto. Ubicaci\u00f3n Pol. Ind. los Valeros, C. Rio Vinalopo, 14, 15, 03178 Benij\u00f3far, Alicante Tel\u00e9fono 965724055 Email comercialbenihogar@hotmail.com<\/p>\n","protected":false},"author":1,"featured_media":0,"parent":0,"menu_order":0,"comment_status":"closed","ping_status":"closed","template":"","meta":{"om_disable_all_campaigns":false,"_monsterinsights_skip_tracking":false,"_monsterinsights_sitenote_active":false,"_monsterinsights_sitenote_note":"","_monsterinsights_sitenote_category":0,"site-sidebar-layout":"no-sidebar","site-content-layout":"page-builder","ast-site-content-layout":"","site-content-style":"default","site-sidebar-style":"default","ast-global-header-display":"","ast-banner-title-visibility":"","ast-main-header-display":"","ast-hfb-above-header-display":"","ast-hfb-below-header-display":"","ast-hfb-mobile-header-display":"","site-post-title":"disabled","ast-breadcrumbs-content":"disabled","ast-featured-img":"disabled","footer-sml-layout":"","theme-transparent-header-meta":"enabled","adv-header-id-meta":"","stick-header-meta":"","header-above-stick-meta":"","header-main-stick-meta":"","header-below-stick-meta":"","astra-migrate-meta-layouts":"default","ast-page-background-enabled":"default","ast-page-background-meta":{"desktop":{"background-color":"","background-image":"","background-repeat":"repeat","background-position":"center center","background-size":"auto","background-attachment":"scroll","background-type":"","background-media":"","overlay-type":"","overlay-color":"","overlay-opacity":"","overlay-gradient":""},"tablet":{"background-color":"","background-image":"","background-repeat":"repeat","background-position":"center center","background-size":"auto","background-attachment":"scroll","background-type":"","background-media":"","overlay-type":"","overlay-color":"","overlay-opacity":"","overlay-gradient":""},"mobile":{"background-color":"","background-image":"","background-repeat":"repeat","background-position":"center center","background-size":"auto","background-attachment":"scroll","background-type":"","background-media":"","overlay-type":"","overlay-color":"","overlay-opacity":"","overlay-gradient":""}},"ast-content-background-meta":{"desktop":{"background-color":"var(--ast-global-color-5)","background-image":"","background-repeat":"repeat","background-position":"center center","background-size":"auto","background-attachment":"scroll","background-type":"","background-media":"","overlay-type":"","overlay-color":"","overlay-opacity":"","overlay-gradient":""},"tablet":{"background-color":"var(--ast-global-color-5)","background-image":"","background-repeat":"repeat","background-position":"center center","background-size":"auto","background-attachment":"scroll","background-type":"","background-media":"","overlay-type":"","overlay-color":"","overlay-opacity":"","overlay-gradient":""},"mobile":{"background-color":"var(--ast-global-color-5)","background-image":"","background-repeat":"repeat","background-position":"center center","background-size":"auto","background-attachment":"scroll","background-type":"","background-media":"","overlay-type":"","overlay-color":"","overlay-opacity":"","overlay-gradient":""}},"footnotes":""},"class_list":["post-983","page","type-page","status-publish","hentry"],"uagb_featured_image_src":{"full":false,"thumbnail":false,"medium":false,"medium_large":false,"large":false,"1536x1536":false,"2048x2048":false},"uagb_author_info":{"display_name":"Aoikaze","author_link":"https:\/\/benihogar.com\/index.php\/author\/aoikaze\/"},"uagb_comment_info":0,"uagb_excerpt":"Contacto Nuestra informaci\u00f3n de contacto. Ubicaci\u00f3n Pol. Ind. los Valeros, C. Rio Vinalopo, 14, 15, 03178 Benij\u00f3far, Alicante Tel\u00e9fono 965724055 Email comercialbenihogar@hotmail.com","_links":{"self":[{"href":"https:\/\/benihogar.com\/index.php\/wp-json\/wp\/v2\/pages\/983","targetHints":{"allow":["GET"]}}],"collection":[{"href":"https:\/\/benihogar.com\/index.php\/wp-json\/wp\/v2\/pages"}],"about":[{"href":"https:\/\/benihogar.com\/index.php\/wp-json\/wp\/v2\/types\/page"}],"author":[{"embeddable":true,"href":"https:\/\/benihogar.com\/index.php\/wp-json\/wp\/v2\/users\/1"}],"replies":[{"embeddable":true,"href":"https:\/\/benihogar.com\/index.php\/wp-json\/wp\/v2\/comments?post=983"}],"version-history":[{"count":7,"href":"https:\/\/benihogar.com\/index.php\/wp-json\/wp\/v2\/pages\/983\/revisions"}],"predecessor-version":[{"id":1052,"href":"https:\/\/benihogar.com\/index.php\/wp-json\/wp\/v2\/pages\/983\/revisions\/1052"}],"wp:attachment":[{"href":"https:\/\/benihogar.com\/index.php\/wp-json\/wp\/v2\/media?parent=983"}],"curies":[{"name":"wp","href":"https:\/\/api.w.org\/{rel}","templated":true}]}}